{"id":7464,"date":"2026-03-19T12:23:06","date_gmt":"2026-03-19T15:23:06","guid":{"rendered":"https:\/\/caqc.org.ar\/congreso\/?page_id=7464"},"modified":"2026-03-19T12:25:59","modified_gmt":"2026-03-19T15:25:59","slug":"resoluciones-conasa-2027","status":"publish","type":"page","link":"https:\/\/caqc.org.ar\/congreso\/resoluciones-conasa-2027\/","title":{"rendered":"Resoluciones CoNASA 2027"},"content":{"rendered":"<style>.elementor-widget-section [data-tippy-root] > .tippy-box{color:var( --e-global-color-primary );background-color:var( --e-global-color-primary );}.elementor-widget-section [data-tippy-root] > .tippy-box .tippy-arrow{color:var( --e-global-color-primary );}.elementor-7464 .elementor-element.elementor-element-c9e732d > .elementor-container{max-width:1150px;}.elementor-7464 .elementor-element.elementor-element-c9e732d:not(.elementor-motion-effects-element-type-background), .elementor-7464 .elementor-element.elementor-element-c9e732d > .elementor-motion-effects-container > .elementor-motion-effects-layer{background-image:url(\"https:\/\/caqc.org.ar\/congreso\/wp-content\/uploads\/2025\/06\/1.jpg\");background-position:center center;background-repeat:no-repeat;background-size:cover;}.elementor-7464 .elementor-element.elementor-element-c9e732d > .elementor-background-overlay{background-color:#27355A;opacity:0.89;transition:background 0.3s, border-radius 0.3s, opacity 0.3s;}.elementor-7464 .elementor-element.elementor-element-c9e732d{transition:background 0.3s, border 0.3s, border-radius 0.3s, box-shadow 0.3s;margin-top:0px;margin-bottom:0px;padding:50px 0px 50px 0px;}.elementor-widget-column [data-tippy-root] > .tippy-box{color:var( --e-global-color-primary );background-color:var( --e-global-color-primary );}.elementor-widget-column [data-tippy-root] > .tippy-box .tippy-arrow{color:var( --e-global-color-primary );}.elementor-widget-image .widget-image-caption{color:var( --e-global-color-text );}.elementor-widget-image [data-tippy-root] > .tippy-box{color:var( --e-global-color-primary );background-color:var( --e-global-color-primary );}.elementor-widget-image [data-tippy-root] > .tippy-box .tippy-arrow{color:var( --e-global-color-primary );}.elementor-widget-image .wpcf7 input:not([type=\"submit\"]){background-color:var( --e-global-color-primary );}.elementor-widget-image .wpcf7 select{background-color:var( --e-global-color-primary );}.elementor-widget-image .wpcf7 textarea{background-color:var( --e-global-color-primary );}.elementor-widget-image .wpcf7 label{color:var( --e-global-color-primary );}.elementor-widget-image ::placeholder{color:var( --e-global-color-primary );}.elementor-widget-image .wpcf7-submit{color:var( --e-global-color-primary );background-color:var( --e-global-color-primary );}.elementor-widget-image .wpcf7 input[type=\"submit\"]:hover{color:var( --e-global-color-primary );background-color:var( --e-global-color-primary );}.elementor-7464 .elementor-element.elementor-element-21dc687 img{width:56%;}.elementor-widget-heading .elementor-heading-title{color:var( --e-global-color-primary );}.elementor-widget-heading [data-tippy-root] > .tippy-box{color:var( --e-global-color-primary );background-color:var( --e-global-color-primary );}.elementor-widget-heading [data-tippy-root] > .tippy-box .tippy-arrow{color:var( --e-global-color-primary );}.elementor-widget-heading .wpcf7 input:not([type=\"submit\"]){background-color:var( --e-global-color-primary );}.elementor-widget-heading .wpcf7 select{background-color:var( --e-global-color-primary );}.elementor-widget-heading .wpcf7 textarea{background-color:var( --e-global-color-primary );}.elementor-widget-heading .wpcf7 label{color:var( --e-global-color-primary );}.elementor-widget-heading ::placeholder{color:var( --e-global-color-primary );}.elementor-widget-heading .wpcf7-submit{color:var( --e-global-color-primary );background-color:var( --e-global-color-primary );}.elementor-widget-heading .wpcf7 input[type=\"submit\"]:hover{color:var( --e-global-color-primary );background-color:var( --e-global-color-primary );}.elementor-7464 .elementor-element.elementor-element-1c02624{text-align:center;}.elementor-7464 .elementor-element.elementor-element-1c02624 .elementor-heading-title{font-family:\"Staatliches\", Sans-serif;font-size:33px;font-weight:500;letter-spacing:1px;color:#FFFFFF;}.elementor-7464 .elementor-element.elementor-element-1c02624 > .elementor-widget-container{margin:9px 0px 0px 0px;}.elementor-widget-text-editor{color:var( --e-global-color-text );}.elementor-widget-text-editor.elementor-drop-cap-view-stacked .elementor-drop-cap{background-color:var( --e-global-color-primary );}.elementor-widget-text-editor.elementor-drop-cap-view-framed .elementor-drop-cap, .elementor-widget-text-editor.elementor-drop-cap-view-default .elementor-drop-cap{color:var( --e-global-color-primary );border-color:var( --e-global-color-primary );}.elementor-widget-text-editor [data-tippy-root] > .tippy-box{color:var( --e-global-color-primary );background-color:var( --e-global-color-primary );}.elementor-widget-text-editor [data-tippy-root] > .tippy-box .tippy-arrow{color:var( --e-global-color-primary );}.elementor-widget-text-editor .wpcf7 input:not([type=\"submit\"]){background-color:var( --e-global-color-primary );}.elementor-widget-text-editor .wpcf7 select{background-color:var( --e-global-color-primary );}.elementor-widget-text-editor .wpcf7 textarea{background-color:var( --e-global-color-primary );}.elementor-widget-text-editor .wpcf7 label{color:var( --e-global-color-primary );}.elementor-widget-text-editor ::placeholder{color:var( --e-global-color-primary );}.elementor-widget-text-editor .wpcf7-submit{color:var( --e-global-color-primary );background-color:var( --e-global-color-primary );}.elementor-widget-text-editor .wpcf7 input[type=\"submit\"]:hover{color:var( --e-global-color-primary );background-color:var( --e-global-color-primary );}.elementor-7464 .elementor-element.elementor-element-3ffcf39{text-align:center;font-size:26px;color:#C7C7C7;}.elementor-widget-elementskit-button [data-tippy-root] > .tippy-box{color:var( --e-global-color-primary );background-color:var( --e-global-color-primary );}.elementor-widget-elementskit-button [data-tippy-root] > .tippy-box .tippy-arrow{color:var( --e-global-color-primary );}.elementor-widget-elementskit-button .wpcf7 input:not([type=\"submit\"]){background-color:var( --e-global-color-primary );}.elementor-widget-elementskit-button .wpcf7 select{background-color:var( --e-global-color-primary );}.elementor-widget-elementskit-button .wpcf7 textarea{background-color:var( --e-global-color-primary );}.elementor-widget-elementskit-button .wpcf7 label{color:var( --e-global-color-primary );}.elementor-widget-elementskit-button ::placeholder{color:var( --e-global-color-primary );}.elementor-widget-elementskit-button .wpcf7-submit{color:var( --e-global-color-primary );background-color:var( --e-global-color-primary );}.elementor-widget-elementskit-button .wpcf7 input[type=\"submit\"]:hover{color:var( --e-global-color-primary );background-color:var( --e-global-color-primary );}.elementor-7464 .elementor-element.elementor-element-e712917 .ekit-btn-wraper .elementskit-btn{justify-content:center;}.elementor-7464 .elementor-element.elementor-element-e712917 .elementskit-btn{width:100%;padding:20px 40px 20px 40px;font-family:\"Staatliches\", Sans-serif;font-size:16px;font-weight:600;text-transform:uppercase;letter-spacing:1px;color:var( --e-global-color-text );fill:var( --e-global-color-text );background-color:#FFFFFF;border-style:none;border-radius:5px 5px 5px 5px;}.elementor-7464 .elementor-element.elementor-element-e712917 .elementskit-btn:hover{color:#FFFFFF;fill:#FFFFFF;background-color:var( --e-global-color-text );}.elementor-7464 .elementor-element.elementor-element-e712917 .elementskit-btn > :is(i, svg){font-size:15px;}.elementor-7464 .elementor-element.elementor-element-e712917 .elementskit-btn > i, .elementor-7464 .elementor-element.elementor-element-e712917 .elementskit-btn > svg{margin-right:5px;}.rtl .elementor-7464 .elementor-element.elementor-element-e712917 .elementskit-btn > i, .rtl .elementor-7464 .elementor-element.elementor-element-e712917 .elementskit-btn > svg{margin-left:5px;margin-right:0;}.elementor-7464 .elementor-element.elementor-element-e712917 > .elementor-widget-container{margin:0em 0em 0em 0em;}.elementor-7464 .elementor-element.elementor-element-3d0b65b{text-align:center;}.elementor-7464 .elementor-element.elementor-element-3d0b65b .elementor-heading-title{font-family:\"Staatliches\", Sans-serif;font-size:60px;font-weight:600;letter-spacing:1px;color:var( --e-global-color-primary );}.elementor-7464 .elementor-element.elementor-element-3d0b65b > .elementor-widget-container{margin:0px 0px 10px 10px;}.elementor-7464 .elementor-element.elementor-element-e1dd280 > .elementor-element-populated{margin:0px 0px 0px 0px;--e-column-margin-right:0px;--e-column-margin-left:0px;padding:0px 0px 0px 0px;}.elementor-widget-elementskit-blog-posts [data-tippy-root] > .tippy-box{color:var( --e-global-color-primary );background-color:var( --e-global-color-primary );}.elementor-widget-elementskit-blog-posts [data-tippy-root] > .tippy-box .tippy-arrow{color:var( --e-global-color-primary );}.elementor-widget-elementskit-blog-posts .wpcf7 input:not([type=\"submit\"]){background-color:var( --e-global-color-primary );}.elementor-widget-elementskit-blog-posts .wpcf7 select{background-color:var( --e-global-color-primary );}.elementor-widget-elementskit-blog-posts .wpcf7 textarea{background-color:var( --e-global-color-primary );}.elementor-widget-elementskit-blog-posts .wpcf7 label{color:var( --e-global-color-primary );}.elementor-widget-elementskit-blog-posts ::placeholder{color:var( --e-global-color-primary );}.elementor-widget-elementskit-blog-posts .wpcf7-submit{color:var( --e-global-color-primary );background-color:var( --e-global-color-primary );}.elementor-widget-elementskit-blog-posts .wpcf7 input[type=\"submit\"]:hover{color:var( --e-global-color-primary );background-color:var( --e-global-color-primary );}.elementor-7464 .elementor-element.elementor-element-8d2da9f .elementskit-post-image-card{display:block;}.elementor-7464 .elementor-element.elementor-element-8d2da9f .elementskit-blog-block-post, .elementor-7464 .elementor-element.elementor-element-8d2da9f .elementskit-post-image-card, .elementor-7464 .elementor-element.elementor-element-8d2da9f .elementskit-post-card{background-color:#ffffff;border-radius:0px 0px 0px 0px;padding:0px 0px 0px 0px;margin:15px 0px 0px 0px;}.elementor-7464 .elementor-element.elementor-element-8d2da9f .elementskit-blog-block-post .elementskit-post-body{padding:40px 40px 40px 40px;}.elementor-7464 .elementor-element.elementor-element-8d2da9f .elementskit-post-image-card .elementskit-post-body{padding:40px 40px 40px 40px;}.elementor-7464 .elementor-element.elementor-element-8d2da9f .elementskit-entry-thumb{border-radius:0px 0px 0px 0px;} .elementor-7464 .elementor-element.elementor-element-8d2da9f .ekit-wid-con .elementskit-entry-thumb{padding:20px 20px 0px 20px;}.elementor-7464 .elementor-element.elementor-element-8d2da9f .elementskit-post-body .entry-title a{color:#000000;}.elementor-7464 .elementor-element.elementor-element-8d2da9f .elementskit-entry-header .entry-title a{color:#000000;}.elementor-7464 .elementor-element.elementor-element-8d2da9f .elementskit-post-body .entry-title{text-align:left;margin:0px 0px 0px 0px;}.elementor-7464 .elementor-element.elementor-element-8d2da9f .elementskit-entry-header .entry-title{text-align:left;margin:0px 0px 0px 0px;}@media(max-width:1024px) and (min-width:768px){.elementor-7464 .elementor-element.elementor-element-2797b4e{width:100%;}}@media(max-width:1024px){.elementor-7464 .elementor-element.elementor-element-c9e732d:not(.elementor-motion-effects-element-type-background), .elementor-7464 .elementor-element.elementor-element-c9e732d > .elementor-motion-effects-container > .elementor-motion-effects-layer{background-position:center center;}.elementor-7464 .elementor-element.elementor-element-2797b4e > .elementor-element-populated{margin:0px 10px 0px 10px;--e-column-margin-right:10px;--e-column-margin-left:10px;}.elementor-7464 .elementor-element.elementor-element-1c02624 .elementor-heading-title{font-size:60px;}.elementor-7464 .elementor-element.elementor-element-e712917 .elementskit-btn{font-size:15px;}.elementor-7464 .elementor-element.elementor-element-8d2da9f .elementskit-blog-block-post, .elementor-7464 .elementor-element.elementor-element-8d2da9f .elementskit-post-image-card, .elementor-7464 .elementor-element.elementor-element-8d2da9f .elementskit-post-card{margin:0px 0px 30px 0px;}}@media(max-width:767px){.elementor-7464 .elementor-element.elementor-element-c9e732d{padding:100px 0px 100px 0px;}.elementor-7464 .elementor-element.elementor-element-2797b4e > .elementor-element-populated{margin:0px 5px 0px 5px;--e-column-margin-right:5px;--e-column-margin-left:5px;}.elementor-7464 .elementor-element.elementor-element-21dc687 > .elementor-widget-container{margin:20px 20px 20px 20px;}.elementor-7464 .elementor-element.elementor-element-1c02624 .elementor-heading-title{font-size:27px;}.elementor-7464 .elementor-element.elementor-element-e712917 .elementskit-btn{width:100%;font-size:14px;}.elementor-7464 .elementor-element.elementor-element-3d0b65b{text-align:center;}.elementor-7464 .elementor-element.elementor-element-3d0b65b .elementor-heading-title{font-size:48px;}.elementor-7464 .elementor-element.elementor-element-8d2da9f .elementskit-blog-block-post, .elementor-7464 .elementor-element.elementor-element-8d2da9f .elementskit-post-image-card, .elementor-7464 .elementor-element.elementor-element-8d2da9f .elementskit-post-card{margin:0px 0px 30px 0px;}}<\/style>\t\t<div data-elementor-type=\"wp-page\" data-elementor-id=\"7464\" class=\"elementor elementor-7464\">\n\t\t\t\t\t\t<section class=\"elementor-section elementor-top-section elementor-element elementor-element-c9e732d elementor-section-boxed elementor-section-height-default elementor-section-height-default\" data-id=\"c9e732d\" data-element_type=\"section\" data-e-type=\"section\" data-settings=\"{&quot;background_background&quot;:&quot;classic&quot;}\">\n\t\t\t\t\t\t\t<div class=\"elementor-background-overlay\"><\/div>\n\t\t\t\t\t\t\t<div class=\"elementor-container elementor-column-gap-default\">\n\t\t\t\t\t<div class=\"elementor-column elementor-col-100 elementor-top-column elementor-element elementor-element-2797b4e\" data-id=\"2797b4e\" data-element_type=\"column\" data-e-type=\"column\">\n\t\t\t<div class=\"elementor-widget-wrap elementor-element-populated\">\n\t\t\t\t\t\t<div class=\"elementor-element elementor-element-21dc687 elementor-widget elementor-widget-image\" data-id=\"21dc687\" data-element_type=\"widget\" data-e-type=\"widget\" data-widget_type=\"image.default\">\n\t\t\t\t<div class=\"elementor-widget-container\">\n\t\t\t\t\t\t\t\t\t\t\t\t\t\t\t<img fetchpriority=\"high\" decoding=\"async\" width=\"800\" height=\"228\" src=\"https:\/\/caqc.org.ar\/congreso\/wp-content\/uploads\/2025\/10\/cropped-cropped-Logo-Congreso-2027-1024x292.png\" class=\"attachment-large size-large wp-image-7352\" alt=\"\" srcset=\"https:\/\/caqc.org.ar\/congreso\/wp-content\/uploads\/2025\/10\/cropped-cropped-Logo-Congreso-2027-1024x292.png 1024w, https:\/\/caqc.org.ar\/congreso\/wp-content\/uploads\/2025\/10\/cropped-cropped-Logo-Congreso-2027-300x86.png 300w, https:\/\/caqc.org.ar\/congreso\/wp-content\/uploads\/2025\/10\/cropped-cropped-Logo-Congreso-2027-768x219.png 768w, https:\/\/caqc.org.ar\/congreso\/wp-content\/uploads\/2025\/10\/cropped-cropped-Logo-Congreso-2027-1536x439.png 1536w, https:\/\/caqc.org.ar\/congreso\/wp-content\/uploads\/2025\/10\/cropped-cropped-Logo-Congreso-2027-600x171.png 600w, https:\/\/caqc.org.ar\/congreso\/wp-content\/uploads\/2025\/10\/cropped-cropped-Logo-Congreso-2027.png 1772w\" sizes=\"(max-width: 800px) 100vw, 800px\" \/>\t\t\t\t\t\t\t\t\t\t\t\t\t\t\t<\/div>\n\t\t\t\t<\/div>\n\t\t\t\t<div class=\"elementor-element elementor-element-1c02624 elementor-widget elementor-widget-heading\" data-id=\"1c02624\" data-element_type=\"widget\" data-e-type=\"widget\" data-widget_type=\"heading.default\">\n\t\t\t\t<div class=\"elementor-widget-container\">\n\t\t\t\t\t<h2 class=\"elementor-heading-title elementor-size-default\">III\u00b0 congreso nacional de Alimentos, Salud y AMBIENTE <br>  II\u00b0 congreso internacional <\/h2>\t\t\t\t<\/div>\n\t\t\t\t<\/div>\n\t\t\t\t<div class=\"elementor-element elementor-element-3ffcf39 elementor-widget elementor-widget-text-editor\" data-id=\"3ffcf39\" data-element_type=\"widget\" data-e-type=\"widget\" data-widget_type=\"text-editor.default\">\n\t\t\t\t<div class=\"elementor-widget-container\">\n\t\t\t\t\t\t\t\t\t<p>\ud83c\udde6\ud83c\uddf7 \u00b7 \ud83c\uddf5\ud83c\uddfe \u00b7 \ud83c\uddfa\ud83c\uddfe \u00b7 \ud83c\udde7\ud83c\uddf4 \u00b7 \ud83c\uddf5\ud83c\udde6 \u00b7 \ud83c\udde8\ud83c\uddf1 \u00b7 \ud83c\udde8\ud83c\uddf7 \u00b7 \ud83c\uddf5\ud83c\uddea \u00b7 \ud83c\udde8\ud83c\uddf4 \u00b7 \ud83c\uddf2\ud83c\uddfd \u00b7 \ud83c\uddea\ud83c\uddf8<\/p>\t\t\t\t\t\t\t\t<\/div>\n\t\t\t\t<\/div>\n\t\t\t\t<div class=\"elementor-element elementor-element-e712917 elementor-hidden-desktop elementor-hidden-tablet elementor-hidden-mobile elementor-align-center elementor-widget elementor-widget-elementskit-button\" data-id=\"e712917\" data-element_type=\"widget\" data-e-type=\"widget\" data-widget_type=\"elementskit-button.default\">\n\t\t\t\t<div class=\"elementor-widget-container\">\n\t\t\t\t\t<div class=\"ekit-wid-con\" >\t\t<div class=\"ekit-btn-wraper\">\n\t\t\t\t\t\t\t<a href=\"https:\/\/caqc.org.ar\/congreso\/area-inscripcion\/\" target=\"_blank\" class=\"elementskit-btn  whitespace--normal\" id=\"\">\n\t\t\t\t\tINSCRIBIRSE AL CONGRESO\t\t\t\t<\/a>\n\t\t\t\t\t<\/div>\n        <\/div>\t\t\t\t<\/div>\n\t\t\t\t<\/div>\n\t\t\t\t\t<\/div>\n\t\t<\/div>\n\t\t\t\t\t<\/div>\n\t\t<\/section>\n\t\t\t\t<section class=\"elementor-section elementor-top-section elementor-element elementor-element-b7bd3a9 elementor-section-boxed elementor-section-height-default elementor-section-height-default\" data-id=\"b7bd3a9\" data-element_type=\"section\" data-e-type=\"section\">\n\t\t\t\t\t\t<div class=\"elementor-container elementor-column-gap-default\">\n\t\t\t\t\t<div class=\"elementor-column elementor-col-100 elementor-top-column elementor-element elementor-element-dbf77cb\" data-id=\"dbf77cb\" data-element_type=\"column\" data-e-type=\"column\">\n\t\t\t<div class=\"elementor-widget-wrap elementor-element-populated\">\n\t\t\t\t\t\t<div class=\"elementor-element elementor-element-3d0b65b elementor-widget elementor-widget-heading\" data-id=\"3d0b65b\" data-element_type=\"widget\" data-e-type=\"widget\" data-widget_type=\"heading.default\">\n\t\t\t\t<div class=\"elementor-widget-container\">\n\t\t\t\t\t<h2 class=\"elementor-heading-title elementor-size-default\">Resoluciones<\/h2>\t\t\t\t<\/div>\n\t\t\t\t<\/div>\n\t\t\t\t\t<\/div>\n\t\t<\/div>\n\t\t\t\t\t<\/div>\n\t\t<\/section>\n\t\t\t\t<section class=\"elementor-section elementor-top-section elementor-element elementor-element-962048f elementor-section-boxed elementor-section-height-default elementor-section-height-default\" data-id=\"962048f\" data-element_type=\"section\" data-e-type=\"section\">\n\t\t\t\t\t\t<div class=\"elementor-container elementor-column-gap-default\">\n\t\t\t\t\t<div class=\"elementor-column elementor-col-100 elementor-top-column elementor-element elementor-element-91cb67c\" data-id=\"91cb67c\" data-element_type=\"column\" data-e-type=\"column\">\n\t\t\t<div class=\"elementor-widget-wrap elementor-element-populated\">\n\t\t\t\t\t\t<section class=\"elementor-section elementor-inner-section elementor-element elementor-element-579a4be elementor-section-boxed elementor-section-height-default elementor-section-height-default\" data-id=\"579a4be\" data-element_type=\"section\" data-e-type=\"section\">\n\t\t\t\t\t\t<div class=\"elementor-container elementor-column-gap-default\">\n\t\t\t\t\t<div class=\"elementor-column elementor-col-100 elementor-inner-column elementor-element elementor-element-e1dd280\" data-id=\"e1dd280\" data-element_type=\"column\" data-e-type=\"column\">\n\t\t\t<div class=\"elementor-widget-wrap elementor-element-populated\">\n\t\t\t\t\t\t<div class=\"elementor-element elementor-element-8d2da9f elementor-widget elementor-widget-elementskit-blog-posts\" data-id=\"8d2da9f\" data-element_type=\"widget\" data-e-type=\"widget\" data-widget_type=\"elementskit-blog-posts.default\">\n\t\t\t\t<div class=\"elementor-widget-container\">\n\t\t\t\t\t<div class=\"ekit-wid-con\" >        <div id=\"post-items--8d2da9f\" class=\"row post-items\">\n                    <div class=\"col-lg-4 col-md-6\">\n\n                                    <div class=\"elementskit-post-image-card\">\n                        <div class=\"elementskit-entry-header\">\n                            \n                            \n\t\t\t\t\t\t\t\t\t\t\t\t\t<\/div><!-- .elementskit-entry-header END -->\n\n\t\t\t\t\t\t<div class=\"elementskit-post-body \">\n\t\t\t\t\t\t\t\n\t\t\t\t\t\t\t\t\t\t\t\t\t\t\t\t\t\t\t\t\t\t\t\t\t\n\t\t\t\t\t\t\t\t\n\t\t\t\t\t\t\t\t\t\t\t\t\t\t\t\t\t\t\t\t\t<h2 class=\"entry-title\">\n\t\t\t\t\t<a href=\"https:\/\/caqc.org.ar\/congreso\/resolucion-129-2025-anexo-ii-requisitos-para-la-presentacion-de-trabajos-cientificos-y-posters-academicos\/\">\n\t\t\t\t\t\tResoluci\u00f3n 129\/2025 Anexo II &#8211; Requisitos para la presentaci\u00f3n de trabajos cient\u00edficos y posters acad\u00e9micos\t\t\t\t\t<\/a>\n\t\t\t\t<\/h2>\n\t\t\t\t\t\t\t\t\t\t\t\t\t\t\t\t\t\t\t\t\t\t\t\t\t\t\t\t\t\t\t\t                                                    <\/div><!-- .elementskit-post-body END -->\n                    <\/div>\n                \n            <\/div>\n                    <div class=\"col-lg-4 col-md-6\">\n\n                                    <div class=\"elementskit-post-image-card\">\n                        <div class=\"elementskit-entry-header\">\n                            \n                            \n\t\t\t\t\t\t\t\t\t\t\t\t\t<\/div><!-- .elementskit-entry-header END -->\n\n\t\t\t\t\t\t<div class=\"elementskit-post-body \">\n\t\t\t\t\t\t\t\n\t\t\t\t\t\t\t\t\t\t\t\t\t\t\t\t\t\t\t\t\t\t\t\t\t\n\t\t\t\t\t\t\t\t\n\t\t\t\t\t\t\t\t\t\t\t\t\t\t\t\t\t\t\t\t\t<h2 class=\"entry-title\">\n\t\t\t\t\t<a href=\"https:\/\/caqc.org.ar\/congreso\/resolucion-129-2025-anexo-i-reglamento-general-de-congresos-y-eventos\/\">\n\t\t\t\t\t\tResoluci\u00f3n 129\/2025 Anexo I &#8211; Reglamento general de congresos y eventos\t\t\t\t\t<\/a>\n\t\t\t\t<\/h2>\n\t\t\t\t\t\t\t\t\t\t\t\t\t\t\t\t\t\t\t\t\t\t\t\t\t\t\t\t\t\t\t\t                                                    <\/div><!-- .elementskit-post-body END -->\n                    <\/div>\n                \n            <\/div>\n                    <div class=\"col-lg-4 col-md-6\">\n\n                                    <div class=\"elementskit-post-image-card\">\n                        <div class=\"elementskit-entry-header\">\n                            \n                            \n\t\t\t\t\t\t\t\t\t\t\t\t\t<\/div><!-- .elementskit-entry-header END -->\n\n\t\t\t\t\t\t<div class=\"elementskit-post-body \">\n\t\t\t\t\t\t\t\n\t\t\t\t\t\t\t\t\t\t\t\t\t\t\t\t\t\t\t\t\t\t\t\t\t\n\t\t\t\t\t\t\t\t\n\t\t\t\t\t\t\t\t\t\t\t\t\t\t\t\t\t\t\t\t\t<h2 class=\"entry-title\">\n\t\t\t\t\t<a href=\"https:\/\/caqc.org.ar\/congreso\/resolucion-129-2025-organizacion-conasa-2027\/\">\n\t\t\t\t\t\tResoluci\u00f3n 129\/2025 &#8211; Organizaci\u00f3n CoNASA 2027\t\t\t\t\t<\/a>\n\t\t\t\t<\/h2>\n\t\t\t\t\t\t\t\t\t\t\t\t\t\t\t\t\t\t\t\t\t\t\t\t\t\t\t\t\t\t\t\t                                                    <\/div><!-- .elementskit-post-body END -->\n                    <\/div>\n                \n            <\/div>\n                    <div class=\"col-lg-4 col-md-6\">\n\n                                    <div class=\"elementskit-post-image-card\">\n                        <div class=\"elementskit-entry-header\">\n                            \n                            \n\t\t\t\t\t\t\t\t\t\t\t\t\t<\/div><!-- .elementskit-entry-header END -->\n\n\t\t\t\t\t\t<div class=\"elementskit-post-body \">\n\t\t\t\t\t\t\t\n\t\t\t\t\t\t\t\t\t\t\t\t\t\t\t\t\t\t\t\t\t\t\t\t\t\n\t\t\t\t\t\t\t\t\n\t\t\t\t\t\t\t\t\t\t\t\t\t\t\t\t\t\t\t\t\t<h2 class=\"entry-title\">\n\t\t\t\t\t<a href=\"https:\/\/caqc.org.ar\/congreso\/resolucion-129-2025-aprobacion-conasa-2027\/\">\n\t\t\t\t\t\tResoluci\u00f3n 127\/2025 &#8211; Aprobaci\u00f3n CoNASA 2027\t\t\t\t\t<\/a>\n\t\t\t\t<\/h2>\n\t\t\t\t\t\t\t\t\t\t\t\t\t\t\t\t\t\t\t\t\t\t\t\t\t\t\t\t\t\t\t\t                                                    <\/div><!-- .elementskit-post-body END -->\n                    <\/div>\n                \n            <\/div>\n                <\/div>\n       <\/div>\t\t\t\t<\/div>\n\t\t\t\t<\/div>\n\t\t\t\t\t<\/div>\n\t\t<\/div>\n\t\t\t\t\t<\/div>\n\t\t<\/section>\n\t\t\t\t\t<\/div>\n\t\t<\/div>\n\t\t\t\t\t<\/div>\n\t\t<\/section>\n\t\t\t\t<\/div>\n\t\t","protected":false},"excerpt":{"rendered":"<p>III\u00b0 congreso nacional de Alimentos, Salud y AMBIENTE II\u00b0 congreso internacional &#x1f1e6;&#x1f1f7; \u00b7 &#x1f1f5;&#x1f1fe; \u00b7 &#x1f1fa;&#x1f1fe; \u00b7 &#x1f1e7;&#x1f1f4; \u00b7 &#x1f1f5;&#x1f1e6; \u00b7 &#x1f1e8;&#x1f1f1; \u00b7 &#x1f1e8;&#x1f1f7; \u00b7 &#x1f1f5;&#x1f1ea; \u00b7 &#x1f1e8;&#x1f1f4; \u00b7 &#x1f1f2;&#x1f1fd; \u00b7 &#x1f1ea;&#x1f1f8; INSCRIBIRSE AL CONGRESO Resoluciones Resoluci\u00f3n 129\/2025 Anexo II &#8211; Requisitos para la presentaci\u00f3n de trabajos cient\u00edficos y posters acad\u00e9micos Resoluci\u00f3n 129\/2025 Anexo I [&hellip;]<\/p>\n","protected":false},"author":3,"featured_media":0,"parent":0,"menu_order":0,"comment_status":"closed","ping_status":"closed","template":"","meta":{"_joinchat":[],"footnotes":""},"class_list":["post-7464","page","type-page","status-publish","hentry"],"_links":{"self":[{"href":"https:\/\/caqc.org.ar\/congreso\/wp-json\/wp\/v2\/pages\/7464","targetHints":{"allow":["GET"]}}],"collection":[{"href":"https:\/\/caqc.org.ar\/congreso\/wp-json\/wp\/v2\/pages"}],"about":[{"href":"https:\/\/caqc.org.ar\/congreso\/wp-json\/wp\/v2\/types\/page"}],"author":[{"embeddable":true,"href":"https:\/\/caqc.org.ar\/congreso\/wp-json\/wp\/v2\/users\/3"}],"replies":[{"embeddable":true,"href":"https:\/\/caqc.org.ar\/congreso\/wp-json\/wp\/v2\/comments?post=7464"}],"version-history":[{"count":7,"href":"https:\/\/caqc.org.ar\/congreso\/wp-json\/wp\/v2\/pages\/7464\/revisions"}],"predecessor-version":[{"id":7471,"href":"https:\/\/caqc.org.ar\/congreso\/wp-json\/wp\/v2\/pages\/7464\/revisions\/7471"}],"wp:attachment":[{"href":"https:\/\/caqc.org.ar\/congreso\/wp-json\/wp\/v2\/media?parent=7464"}],"curies":[{"name":"wp","href":"https:\/\/api.w.org\/{rel}","templated":true}]}}