{"id":6223,"date":"2025-03-30T22:32:12","date_gmt":"2025-03-31T01:32:12","guid":{"rendered":"https:\/\/caqc.org.ar\/congreso\/?page_id=6223"},"modified":"2025-03-30T22:39:46","modified_gmt":"2025-03-31T01:39:46","slug":"windsor","status":"publish","type":"page","link":"https:\/\/caqc.org.ar\/congreso\/windsor\/","title":{"rendered":"Windsor"},"content":{"rendered":"<style>.elementor-widget-section [data-tippy-root] > .tippy-box{color:var( --e-global-color-primary );background-color:var( --e-global-color-primary );}.elementor-widget-section [data-tippy-root] > .tippy-box .tippy-arrow{color:var( --e-global-color-primary );}.elementor-6223 .elementor-element.elementor-element-e02b207:not(.elementor-motion-effects-element-type-background), .elementor-6223 .elementor-element.elementor-element-e02b207 > .elementor-motion-effects-container > .elementor-motion-effects-layer{background-repeat:no-repeat;background-size:cover;}.elementor-6223 .elementor-element.elementor-element-e02b207 > .elementor-background-overlay{background-color:transparent;background-image:linear-gradient(180deg, var( --e-global-color-primary ) 0%, var( --e-global-color-text ) 100%);opacity:0.9;transition:background 0.3s, border-radius 0.3s, opacity 0.3s;}.elementor-6223 .elementor-element.elementor-element-e02b207{transition:background 0.3s, border 0.3s, border-radius 0.3s, box-shadow 0.3s;padding:20px 0px 20px 0px;}.elementor-widget-column [data-tippy-root] > .tippy-box{color:var( --e-global-color-primary );background-color:var( --e-global-color-primary );}.elementor-widget-column [data-tippy-root] > .tippy-box .tippy-arrow{color:var( --e-global-color-primary );}.elementor-widget-heading .elementor-heading-title{color:var( --e-global-color-primary );}.elementor-widget-heading [data-tippy-root] > .tippy-box{color:var( --e-global-color-primary );background-color:var( --e-global-color-primary );}.elementor-widget-heading [data-tippy-root] > .tippy-box .tippy-arrow{color:var( --e-global-color-primary );}.elementor-widget-heading .wpcf7 input:not([type=\"submit\"]){background-color:var( --e-global-color-primary );}.elementor-widget-heading .wpcf7 select{background-color:var( --e-global-color-primary );}.elementor-widget-heading .wpcf7 textarea{background-color:var( --e-global-color-primary );}.elementor-widget-heading .wpcf7 label{color:var( --e-global-color-primary );}.elementor-widget-heading ::placeholder{color:var( --e-global-color-primary );}.elementor-widget-heading .wpcf7-submit{color:var( --e-global-color-primary );background-color:var( --e-global-color-primary );}.elementor-widget-heading .wpcf7 input[type=\"submit\"]:hover{color:var( --e-global-color-primary );background-color:var( --e-global-color-primary );}.elementor-6223 .elementor-element.elementor-element-f1aecd2{text-align:center;}.elementor-6223 .elementor-element.elementor-element-f1aecd2 .elementor-heading-title{font-family:\"Staatliches\", Sans-serif;font-size:52px;font-weight:600;letter-spacing:1px;color:#FFFFFF;}.elementor-widget-image-carousel [data-tippy-root] > .tippy-box{color:var( --e-global-color-primary );background-color:var( --e-global-color-primary );}.elementor-widget-image-carousel [data-tippy-root] > .tippy-box .tippy-arrow{color:var( --e-global-color-primary );}.elementor-widget-image-carousel .wpcf7 input:not([type=\"submit\"]){background-color:var( --e-global-color-primary );}.elementor-widget-image-carousel .wpcf7 select{background-color:var( --e-global-color-primary );}.elementor-widget-image-carousel .wpcf7 textarea{background-color:var( --e-global-color-primary );}.elementor-widget-image-carousel .wpcf7 label{color:var( --e-global-color-primary );}.elementor-widget-image-carousel ::placeholder{color:var( --e-global-color-primary );}.elementor-widget-image-carousel .wpcf7-submit{color:var( --e-global-color-primary );background-color:var( --e-global-color-primary );}.elementor-widget-image-carousel .wpcf7 input[type=\"submit\"]:hover{color:var( --e-global-color-primary );background-color:var( --e-global-color-primary );}.elementor-6223 .elementor-element.elementor-element-51956c4{--e-image-carousel-slides-to-show:1;}.elementor-widget-shortcode [data-tippy-root] > .tippy-box{color:var( --e-global-color-primary );background-color:var( --e-global-color-primary );}.elementor-widget-shortcode [data-tippy-root] > .tippy-box .tippy-arrow{color:var( --e-global-color-primary );}.elementor-widget-shortcode .wpcf7 input:not([type=\"submit\"]){background-color:var( --e-global-color-primary );}.elementor-widget-shortcode .wpcf7 select{background-color:var( --e-global-color-primary );}.elementor-widget-shortcode .wpcf7 textarea{background-color:var( --e-global-color-primary );}.elementor-widget-shortcode .wpcf7 label{color:var( --e-global-color-primary );}.elementor-widget-shortcode ::placeholder{color:var( --e-global-color-primary );}.elementor-widget-shortcode .wpcf7-submit{color:var( --e-global-color-primary );background-color:var( --e-global-color-primary );}.elementor-widget-shortcode .wpcf7 input[type=\"submit\"]:hover{color:var( --e-global-color-primary );background-color:var( --e-global-color-primary );}.elementor-widget-text-editor{color:var( --e-global-color-text );}.elementor-widget-text-editor.elementor-drop-cap-view-stacked .elementor-drop-cap{background-color:var( --e-global-color-primary );}.elementor-widget-text-editor.elementor-drop-cap-view-framed .elementor-drop-cap, .elementor-widget-text-editor.elementor-drop-cap-view-default .elementor-drop-cap{color:var( --e-global-color-primary );border-color:var( --e-global-color-primary );}.elementor-widget-text-editor [data-tippy-root] > .tippy-box{color:var( --e-global-color-primary );background-color:var( --e-global-color-primary );}.elementor-widget-text-editor [data-tippy-root] > .tippy-box .tippy-arrow{color:var( --e-global-color-primary );}.elementor-widget-text-editor .wpcf7 input:not([type=\"submit\"]){background-color:var( --e-global-color-primary );}.elementor-widget-text-editor .wpcf7 select{background-color:var( --e-global-color-primary );}.elementor-widget-text-editor .wpcf7 textarea{background-color:var( --e-global-color-primary );}.elementor-widget-text-editor .wpcf7 label{color:var( --e-global-color-primary );}.elementor-widget-text-editor ::placeholder{color:var( --e-global-color-primary );}.elementor-widget-text-editor .wpcf7-submit{color:var( --e-global-color-primary );background-color:var( --e-global-color-primary );}.elementor-widget-text-editor .wpcf7 input[type=\"submit\"]:hover{color:var( --e-global-color-primary );background-color:var( --e-global-color-primary );}.elementor-widget-image .widget-image-caption{color:var( --e-global-color-text );}.elementor-widget-image [data-tippy-root] > .tippy-box{color:var( --e-global-color-primary );background-color:var( --e-global-color-primary );}.elementor-widget-image [data-tippy-root] > .tippy-box .tippy-arrow{color:var( --e-global-color-primary );}.elementor-widget-image .wpcf7 input:not([type=\"submit\"]){background-color:var( --e-global-color-primary );}.elementor-widget-image .wpcf7 select{background-color:var( --e-global-color-primary );}.elementor-widget-image .wpcf7 textarea{background-color:var( --e-global-color-primary );}.elementor-widget-image .wpcf7 label{color:var( --e-global-color-primary );}.elementor-widget-image ::placeholder{color:var( --e-global-color-primary );}.elementor-widget-image .wpcf7-submit{color:var( --e-global-color-primary );background-color:var( --e-global-color-primary );}.elementor-widget-image .wpcf7 input[type=\"submit\"]:hover{color:var( --e-global-color-primary );background-color:var( --e-global-color-primary );}.elementor-6223 .elementor-element.elementor-element-da804fe{text-align:center;}.elementor-6223 .elementor-element.elementor-element-da804fe img{width:100%;filter:brightness( 100% ) contrast( 100% ) saturate( 0% ) blur( 0px ) hue-rotate( 0deg );transition-duration:0.5s;}.elementor-6223 .elementor-element.elementor-element-da804fe:hover img{filter:brightness( 100% ) contrast( 100% ) saturate( 100% ) blur( 0px ) hue-rotate( 0deg );}.elementor-widget-html [data-tippy-root] > .tippy-box{color:var( --e-global-color-primary );background-color:var( --e-global-color-primary );}.elementor-widget-html [data-tippy-root] > .tippy-box .tippy-arrow{color:var( --e-global-color-primary );}.elementor-widget-html .wpcf7 input:not([type=\"submit\"]){background-color:var( --e-global-color-primary );}.elementor-widget-html .wpcf7 select{background-color:var( --e-global-color-primary );}.elementor-widget-html .wpcf7 textarea{background-color:var( --e-global-color-primary );}.elementor-widget-html .wpcf7 label{color:var( --e-global-color-primary );}.elementor-widget-html ::placeholder{color:var( --e-global-color-primary );}.elementor-widget-html .wpcf7-submit{color:var( --e-global-color-primary );background-color:var( --e-global-color-primary );}.elementor-widget-html .wpcf7 input[type=\"submit\"]:hover{color:var( --e-global-color-primary );background-color:var( --e-global-color-primary );}@media(max-width:1024px){.elementor-6223 .elementor-element.elementor-element-e02b207{padding:80px 0px 80px 0px;}.elementor-6223 .elementor-element.elementor-element-84ae70b > .elementor-element-populated{margin:0px 10px 0px 10px;--e-column-margin-right:10px;--e-column-margin-left:10px;}.elementor-6223 .elementor-element.elementor-element-f1aecd2 .elementor-heading-title{font-size:56px;}}@media(max-width:767px){.elementor-6223 .elementor-element.elementor-element-e02b207{padding:30px 0px 30px 0px;}.elementor-6223 .elementor-element.elementor-element-84ae70b > .elementor-element-populated{margin:0px 5px 0px 5px;--e-column-margin-right:5px;--e-column-margin-left:5px;}.elementor-6223 .elementor-element.elementor-element-f1aecd2{text-align:center;}.elementor-6223 .elementor-element.elementor-element-f1aecd2 .elementor-heading-title{font-size:43px;}}<\/style>\t\t<div data-elementor-type=\"wp-page\" data-elementor-id=\"6223\" class=\"elementor elementor-6223\">\n\t\t\t\t\t\t<section class=\"elementor-section elementor-top-section elementor-element elementor-element-e02b207 elementor-section-boxed elementor-section-height-default elementor-section-height-default\" data-id=\"e02b207\" data-element_type=\"section\" data-e-type=\"section\" data-settings=\"{&quot;background_background&quot;:&quot;classic&quot;}\">\n\t\t\t\t\t\t\t<div class=\"elementor-background-overlay\"><\/div>\n\t\t\t\t\t\t\t<div class=\"elementor-container elementor-column-gap-default\">\n\t\t\t\t\t<div class=\"elementor-column elementor-col-100 elementor-top-column elementor-element elementor-element-84ae70b\" data-id=\"84ae70b\" data-element_type=\"column\" data-e-type=\"column\">\n\t\t\t<div class=\"elementor-widget-wrap elementor-element-populated\">\n\t\t\t\t\t\t<div class=\"elementor-element elementor-element-f1aecd2 elementor-widget elementor-widget-heading\" data-id=\"f1aecd2\" data-element_type=\"widget\" data-e-type=\"widget\" data-widget_type=\"heading.default\">\n\t\t\t\t<div class=\"elementor-widget-container\">\n\t\t\t\t\t<h2 class=\"elementor-heading-title elementor-size-default\">Alojamiento Oficial<\/h2>\t\t\t\t<\/div>\n\t\t\t\t<\/div>\n\t\t\t\t<div class=\"elementor-element elementor-element-51956c4 elementor-arrows-position-inside elementor-widget elementor-widget-image-carousel\" data-id=\"51956c4\" data-element_type=\"widget\" data-e-type=\"widget\" data-settings=\"{&quot;slides_to_show&quot;:&quot;1&quot;,&quot;navigation&quot;:&quot;arrows&quot;,&quot;pause_on_interaction&quot;:&quot;no&quot;,&quot;autoplay_speed&quot;:2000,&quot;autoplay&quot;:&quot;yes&quot;,&quot;pause_on_hover&quot;:&quot;yes&quot;,&quot;infinite&quot;:&quot;yes&quot;,&quot;effect&quot;:&quot;slide&quot;,&quot;speed&quot;:500}\" data-widget_type=\"image-carousel.default\">\n\t\t\t\t<div class=\"elementor-widget-container\">\n\t\t\t\t\t\t\t<div class=\"elementor-image-carousel-wrapper swiper\" role=\"region\" aria-roledescription=\"carousel\" aria-label=\"Carrusel de im\u00e1genes\" dir=\"ltr\">\n\t\t\t<div class=\"elementor-image-carousel swiper-wrapper\" aria-live=\"off\">\n\t\t\t\t\t\t\t\t<div class=\"swiper-slide\" role=\"group\" aria-roledescription=\"slide\" aria-label=\"1 de 1\"><a data-elementor-open-lightbox=\"yes\" data-elementor-lightbox-slideshow=\"51956c4\" data-elementor-lightbox-title=\"Banner windsor\" data-e-action-hash=\"#elementor-action%3Aaction%3Dlightbox%26settings%3DeyJpZCI6NjAyMSwidXJsIjoiaHR0cHM6XC9cL2NhcWMub3JnLmFyXC9jb25ncmVzb1wvd3AtY29udGVudFwvdXBsb2Fkc1wvMjAyNVwvMDNcL0Jhbm5lci13aW5kc29yLmpwZyIsInNsaWRlc2hvdyI6IjUxOTU2YzQifQ%3D%3D\" href=\"https:\/\/www.windsortower.com\/\" target=\"_blank\"><figure class=\"swiper-slide-inner\"><img decoding=\"async\" class=\"swiper-slide-image\" src=\"https:\/\/caqc.org.ar\/congreso\/wp-content\/uploads\/2025\/03\/Banner-windsor-2048x396.jpg\" alt=\"Banner windsor\" \/><\/figure><\/a><\/div>\t\t\t<\/div>\n\t\t\t\t\t<\/div>\n\t\t\t\t\t\t<\/div>\n\t\t\t\t<\/div>\n\t\t\t\t\t<\/div>\n\t\t<\/div>\n\t\t\t\t\t<\/div>\n\t\t<\/section>\n\t\t\t\t<section class=\"elementor-section elementor-top-section elementor-element elementor-element-c9b196c elementor-section-boxed elementor-section-height-default elementor-section-height-default\" data-id=\"c9b196c\" data-element_type=\"section\" data-e-type=\"section\">\n\t\t\t\t\t\t<div class=\"elementor-container elementor-column-gap-default\">\n\t\t\t\t\t<div class=\"elementor-column elementor-col-100 elementor-top-column elementor-element elementor-element-88a31e9\" data-id=\"88a31e9\" data-element_type=\"column\" data-e-type=\"column\">\n\t\t\t<div class=\"elementor-widget-wrap elementor-element-populated\">\n\t\t\t\t\t\t<div class=\"elementor-element elementor-element-73a28a7 elementor-widget elementor-widget-shortcode\" data-id=\"73a28a7\" data-element_type=\"widget\" data-e-type=\"widget\" data-widget_type=\"shortcode.default\">\n\t\t\t\t<div class=\"elementor-widget-container\">\n\t\t\t\t\t\t\t<div class=\"elementor-shortcode\">\n<table id=\"tablepress-8\" class=\"tablepress tablepress-id-8\">\n<thead>\n<tr class=\"row-1\">\n\t<th class=\"column-1\">Tarifas CoNASA + In 2025<\/th><td class=\"column-2\"><\/td>\n<\/tr>\n<\/thead>\n<tbody class=\"row-striping row-hover\">\n<tr class=\"row-2\">\n\t<td class=\"column-1\"><b>Tarifa para disertantes<\/b><\/td><td class=\"column-2\"><\/td>\n<\/tr>\n<tr class=\"row-3\">\n\t<td class=\"column-1\">Habitaci\u00f3n<\/td><td class=\"column-2\">Precio<\/td>\n<\/tr>\n<tr class=\"row-4\">\n\t<td class=\"column-1\">Ejecutiva<\/td><td class=\"column-2\">USD 130 + IVA<\/td>\n<\/tr>\n<tr class=\"row-5\">\n\t<td class=\"column-1\">Superior<\/td><td class=\"column-2\">USD 130 + IVA<\/td>\n<\/tr>\n<tr class=\"row-6\">\n\t<td class=\"column-1\"><\/td><td class=\"column-2\"><\/td>\n<\/tr>\n<tr class=\"row-7\">\n\t<td class=\"column-1\"><b>Tarifa para asistentes<\/b><\/td><td class=\"column-2\"><\/td>\n<\/tr>\n<tr class=\"row-8\">\n\t<td class=\"column-1\">Reservando hasta el 25 de Abril 2025<\/td><td class=\"column-2\"><\/td>\n<\/tr>\n<tr class=\"row-9\">\n\t<td class=\"column-1\">Habitaci\u00f3n<\/td><td class=\"column-2\">Precio<\/td>\n<\/tr>\n<tr class=\"row-10\">\n\t<td class=\"column-1\">Ejecutiva<\/td><td class=\"column-2\">USD 130 + IVA<\/td>\n<\/tr>\n<tr class=\"row-11\">\n\t<td class=\"column-1\">Superior<\/td><td class=\"column-2\">USD 145 + IVA<\/td>\n<\/tr>\n<tr class=\"row-12\">\n\t<td class=\"column-1\"><\/td><td class=\"column-2\"><\/td>\n<\/tr>\n<tr class=\"row-13\">\n\t<td class=\"column-1\">Reservando a partir del 26 de Abril 2025<\/td><td class=\"column-2\"><\/td>\n<\/tr>\n<tr class=\"row-14\">\n\t<td class=\"column-1\">Habitaci\u00f3n<\/td><td class=\"column-2\">Precio<\/td>\n<\/tr>\n<tr class=\"row-15\">\n\t<td class=\"column-1\">Ejecutiva<\/td><td class=\"column-2\">USD 145 + IVA<\/td>\n<\/tr>\n<tr class=\"row-16\">\n\t<td class=\"column-1\">Superior<\/td><td class=\"column-2\">USD 160 + IVA<\/td>\n<\/tr>\n<\/tbody>\n<\/table>\n<!-- #tablepress-8 from cache --><\/div>\n\t\t\t\t\t\t<\/div>\n\t\t\t\t<\/div>\n\t\t\t\t<div class=\"elementor-element elementor-element-8d6a589 elementor-widget elementor-widget-text-editor\" data-id=\"8d6a589\" data-element_type=\"widget\" data-e-type=\"widget\" data-widget_type=\"text-editor.default\">\n\t\t\t\t<div class=\"elementor-widget-container\">\n\t\t\t\t\t\t\t\t\t<p>**TARIFA POR NOCHE BASE SINGLE \/ DOBLE CON DESAYUNO INCLUIDO<\/p>\n<p>**POSIBILIDAD DE ARMADO TRIPLE SOLO EN CATEGOR\u00cdA SUPERIOR, CAMA ADICIONAL USD 30 + IVA POR NOCHE<\/p>\n<p>Para realizar las reserva precisamos:<\/p>\n<p>\u00b7 Nombre completo:<\/p>\n<p>\u00b7 Fecha de ingreso y egreso:<\/p>\n<p>\u00b7 Categor\u00eda y armado (matrimonial \/ camas separadas)<\/p>\n<p>\u00b7 Tel\u00e9fono contacto:<\/p>\n<p>\u00b7 Tarjeta de cr\u00e9dito en garant\u00eda (n\u00fameros, fecha de vencimiento y c\u00f3d. de seguridad).<\/p>\n<p>Las solicitudes de las reservas pueden realizarlas a trav\u00e9s de mi mail avecchietti@windsortower.com y reservas@windsortower.com adicionalmente pueden contactarse por tel\u00e9fono al +54903514224012<br><br><a href=\"https:\/\/www.windsortower.com\/\" target=\"_blank\">https:\/\/www.windsortower.com\/<\/a><\/p>\t\t\t\t\t\t\t\t<\/div>\n\t\t\t\t<\/div>\n\t\t\t\t<div class=\"elementor-element elementor-element-da804fe elementor-widget elementor-widget-image\" data-id=\"da804fe\" data-element_type=\"widget\" data-e-type=\"widget\" data-widget_type=\"image.default\">\n\t\t\t\t<div class=\"elementor-widget-container\">\n\t\t\t\t\t\t\t\t\t\t\t\t\t\t\t\t<a href=\"https:\/\/www.windsortower.com\/\" target=\"_blank\">\n\t\t\t\t\t\t\t<img decoding=\"async\" width=\"376\" height=\"127\" src=\"https:\/\/caqc.org.ar\/congreso\/wp-content\/uploads\/2025\/03\/Logo-windsor.png\" class=\"attachment-medium_large size-medium_large wp-image-6022\" alt=\"\" srcset=\"https:\/\/caqc.org.ar\/congreso\/wp-content\/uploads\/2025\/03\/Logo-windsor.png 376w, https:\/\/caqc.org.ar\/congreso\/wp-content\/uploads\/2025\/03\/Logo-windsor-300x101.png 300w\" sizes=\"(max-width: 376px) 100vw, 376px\" \/>\t\t\t\t\t\t\t\t<\/a>\n\t\t\t\t\t\t\t\t\t\t\t\t\t\t\t<\/div>\n\t\t\t\t<\/div>\n\t\t\t\t<div class=\"elementor-element elementor-element-b878945 elementor-widget elementor-widget-html\" data-id=\"b878945\" data-element_type=\"widget\" data-e-type=\"widget\" data-widget_type=\"html.default\">\n\t\t\t\t<div class=\"elementor-widget-container\">\n\t\t\t\t\t<iframe src=\"https:\/\/drive.google.com\/file\/d\/1tlGyxZ75ohuD20548YGvYAoxvdKkpEOu\/preview\" width=\"640\" height=\"480\" allow=\"autoplay\"><\/iframe>\t\t\t\t<\/div>\n\t\t\t\t<\/div>\n\t\t\t\t\t<\/div>\n\t\t<\/div>\n\t\t\t\t\t<\/div>\n\t\t<\/section>\n\t\t\t\t<\/div>\n\t\t","protected":false},"excerpt":{"rendered":"<p>Alojamiento Oficial **TARIFA POR NOCHE BASE SINGLE \/ DOBLE CON DESAYUNO INCLUIDO **POSIBILIDAD DE ARMADO TRIPLE SOLO EN CATEGOR\u00cdA SUPERIOR, CAMA ADICIONAL USD 30 + IVA POR NOCHE Para realizar las reserva precisamos: \u00b7 Nombre completo: \u00b7 Fecha de ingreso y egreso: \u00b7 Categor\u00eda y armado (matrimonial \/ camas separadas) \u00b7 Tel\u00e9fono contacto: \u00b7 Tarjeta [&hellip;]<\/p>\n","protected":false},"author":3,"featured_media":0,"parent":0,"menu_order":0,"comment_status":"closed","ping_status":"closed","template":"","meta":{"_joinchat":[],"footnotes":""},"class_list":["post-6223","page","type-page","status-publish","hentry"],"_links":{"self":[{"href":"https:\/\/caqc.org.ar\/congreso\/wp-json\/wp\/v2\/pages\/6223","targetHints":{"allow":["GET"]}}],"collection":[{"href":"https:\/\/caqc.org.ar\/congreso\/wp-json\/wp\/v2\/pages"}],"about":[{"href":"https:\/\/caqc.org.ar\/congreso\/wp-json\/wp\/v2\/types\/page"}],"author":[{"embeddable":true,"href":"https:\/\/caqc.org.ar\/congreso\/wp-json\/wp\/v2\/users\/3"}],"replies":[{"embeddable":true,"href":"https:\/\/caqc.org.ar\/congreso\/wp-json\/wp\/v2\/comments?post=6223"}],"version-history":[{"count":10,"href":"https:\/\/caqc.org.ar\/congreso\/wp-json\/wp\/v2\/pages\/6223\/revisions"}],"predecessor-version":[{"id":6233,"href":"https:\/\/caqc.org.ar\/congreso\/wp-json\/wp\/v2\/pages\/6223\/revisions\/6233"}],"wp:attachment":[{"href":"https:\/\/caqc.org.ar\/congreso\/wp-json\/wp\/v2\/media?parent=6223"}],"curies":[{"name":"wp","href":"https:\/\/api.w.org\/{rel}","templated":true}]}}